{"id":60,"date":"2014-08-18T09:46:36","date_gmt":"2014-08-18T09:46:36","guid":{"rendered":"http:\/\/radnotim.designerek.eu\/?page_id=60"},"modified":"2026-01-21T13:53:30","modified_gmt":"2026-01-21T13:53:30","slug":"kapcsolat","status":"publish","type":"page","link":"https:\/\/oregbakony.hu\/?page_id=60","title":{"rendered":"Kapcsolat"},"content":{"rendered":"<p>El\u00e9rhet\u0151s\u00e9g:<\/p>\n<p>&#8222;\u00d6regbakony&#8221; Turistah\u00e1z \u00e9s Erdei Iskola<\/p>\n<p>8431 Bakonyszentl\u00e1szl\u00f3 &#8211; Vinye 1.<br \/>\n<span style=\"font-weight: bold;\">Schvarcz Angi<\/span>\u00a0\u00fcgyvezet\u0151<br \/>\nTelefon: 20 \/ 446-11-31<br \/>\nE-mail:\u00a0oregbakony@gmail.com<br \/>\nHonlap:\u00a0<a href=\"http:\/\/www.oregbakony.hu\/\">www.oregbakony.hu<\/a><\/p>\n<p><span style=\"font-weight: bold;\">Sz\u00e1ll\u00e1sfoglal\u00e1si inform\u00e1ci\u00f3k:<\/span><\/p>\n<p>Sz\u00e1ll\u00e1sfoglal\u00e1shoz \u00edr\u00e1sos megrendel\u00e9s sz\u00fcks\u00e9ges a megrendel\u0151 formanyomtatv\u00e1nyon az\u00a0<a href=\"mailto:oregbakony@gmail.com\">oregbakony@gmail.com<\/a>\u00a0c\u00edmre, melyet visszaigazolunk.<\/p>\n<p>&#8222;\u00d6regbakony&#8221; Turistah\u00e1z megrendel\u0151lap let\u00f6lt\u00e9se:<br \/>\n<div class='w3eden'><!-- WPDM Link Template: Default Template -->\n\n<div class=\"link-template-default card mb-2\">\n    <div class=\"card-body\">\n        <div class=\"media\">\n            <div class=\"mr-3 img-48\"><img decoding=\"async\" class=\"wpdm_icon\" alt=\"Ikon\"   src=\"http:\/\/oregbakony.hu\/wp-content\/plugins\/download-manager\/assets\/file-type-icons\/down2.png\" \/><\/div>\n            <div class=\"media-body\">\n                <h3 class=\"package-title\"><a href='https:\/\/oregbakony.hu\/?wpdmpro=turistahaz-megrendelo'>Turistah\u00e1z megrendel\u0151<\/a><\/h3>\n                <div class=\"text-muted text-small\"><i class=\"fas fa-copy\"><\/i> 1 f\u00e1jl(ok) <i class=\"fas fa-hdd ml-3\"><\/i> 16.01 KB<\/div>\n            <\/div>\n            <div class=\"ml-3\">\n                <a class='wpdm-download-link download-on-click btn btn-primary ' rel='nofollow' href='#' data-downloadurl=\"https:\/\/oregbakony.hu\/?wpdmpro=turistahaz-megrendelo&wpdmdl=392&refresh=69f443cc2fbde1777615820\">Let\u00f6lt\u00e9s<\/a>\n            <\/div>\n        <\/div>\n    <\/div>\n<\/div>\n\n<\/div><\/p>\n<p>Apartmanh\u00e1z megrendel\u0151lap let\u00f6lt\u00e9se:<br \/>\n<div class='w3eden'><!-- WPDM Link Template: Default Template -->\n\n<div class=\"link-template-default card mb-2\">\n    <div class=\"card-body\">\n        <div class=\"media\">\n            <div class=\"mr-3 img-48\"><img decoding=\"async\" class=\"wpdm_icon\" alt=\"Ikon\"   src=\"http:\/\/oregbakony.hu\/wp-content\/plugins\/download-manager\/assets\/file-type-icons\/down2.png\" \/><\/div>\n            <div class=\"media-body\">\n                <h3 class=\"package-title\"><a href='https:\/\/oregbakony.hu\/?wpdmpro=apartman-megrendelo'>Apartman megrendel\u0151<\/a><\/h3>\n                <div class=\"text-muted text-small\"><i class=\"fas fa-copy\"><\/i> 1 f\u00e1jl(ok) <i class=\"fas fa-hdd ml-3\"><\/i> 16.56 KB<\/div>\n            <\/div>\n            <div class=\"ml-3\">\n                <a class='wpdm-download-link download-on-click btn btn-primary ' rel='nofollow' href='#' data-downloadurl=\"https:\/\/oregbakony.hu\/?wpdmpro=apartman-megrendelo&wpdmdl=390&refresh=69f443cc343421777615820\">Let\u00f6lt\u00e9s<\/a>\n            <\/div>\n        <\/div>\n    <\/div>\n<\/div>\n\n<\/div><\/p>\n<p>Turista men\u00fc:<br \/>\n<div class='w3eden'><!-- WPDM Link Template: Default Template -->\n\n<div class=\"link-template-default card mb-2\">\n    <div class=\"card-body\">\n        <div class=\"media\">\n            <div class=\"mr-3 img-48\"><img decoding=\"async\" class=\"wpdm_icon\" alt=\"Ikon\"   src=\"http:\/\/oregbakony.hu\/wp-content\/plugins\/download-manager\/assets\/file-type-icons\/down2.png\" \/><\/div>\n            <div class=\"media-body\">\n                <h3 class=\"package-title\"><a href='https:\/\/oregbakony.hu\/?wpdmpro=turista-menu'>Turista men\u00fc<\/a><\/h3>\n                <div class=\"text-muted text-small\"><i class=\"fas fa-copy\"><\/i> 1 f\u00e1jl(ok) <i class=\"fas fa-hdd ml-3\"><\/i> 13.63 KB<\/div>\n            <\/div>\n            <div class=\"ml-3\">\n                <a class='wpdm-download-link download-on-click btn btn-primary ' rel='nofollow' href='#' data-downloadurl=\"https:\/\/oregbakony.hu\/?wpdmpro=turista-menu&wpdmdl=393&refresh=69f443cc360c61777615820\">Let\u00f6lt\u00e9s<\/a>\n            <\/div>\n        <\/div>\n    <\/div>\n<\/div>\n\n<\/div><\/p>\n<p>Vend\u00e9gk\u00f6nyvi adatok:<br \/>\n<div class='w3eden'><!-- WPDM Link Template: Default Template -->\n\n<div class=\"link-template-default card mb-2\">\n    <div class=\"card-body\">\n        <div class=\"media\">\n            <div class=\"mr-3 img-48\"><img decoding=\"async\" class=\"wpdm_icon\" alt=\"Ikon\" src=\"https:\/\/oregbakony.hu\/wp-content\/plugins\/download-manager\/assets\/file-type-icons\/xlsx.svg\" \/><\/div>\n            <div class=\"media-body\">\n                <h3 class=\"package-title\"><a href='https:\/\/oregbakony.hu\/?wpdmpro=vendegkonyvi-adatok'>Vend\u00e9gk\u00f6nyvi adatok<\/a><\/h3>\n                <div class=\"text-muted text-small\"><i class=\"fas fa-copy\"><\/i> 1 f\u00e1jl(ok) <i class=\"fas fa-hdd ml-3\"><\/i> 9.86 KB<\/div>\n            <\/div>\n            <div class=\"ml-3\">\n                <a class='wpdm-download-link download-on-click btn btn-primary ' rel='nofollow' href='#' data-downloadurl=\"https:\/\/oregbakony.hu\/?wpdmpro=vendegkonyvi-adatok&wpdmdl=634&refresh=69f443cc384051777615820\">Let\u00f6lt\u00e9s<\/a>\n            <\/div>\n        <\/div>\n    <\/div>\n<\/div>\n\n<\/div><\/p>\n<p><span style=\"font-weight: bold;\">El\u0151legfizet\u00e9s<\/span><\/p>\n<p>A sz\u00e1ll\u00e1sfoglal\u00e1s felt\u00e9tele el\u0151legfizet\u00e9s banksz\u00e1ml\u00e1nkra t\u00f6rt\u00e9n\u0151 \u00e1tutal\u00e1ssal. A foglal\u00e1st csak akkor tudjuk garant\u00e1lni, ha az el\u0151leg meg\u00e9rkezik sz\u00e1ml\u00e1kra.<\/p>\n<p><span style=\"font-weight: bold;\">Bejelentkez\u00e9s, kijelentkez\u00e9s<\/span><\/p>\n<p>Vend\u00e9geink a turistah\u00e1zat az \u00e9rkez\u00e9s napj\u00e1n 14 \u00f3r\u00e1t\u00f3l foglalhatj\u00e1k el, a kijelentkez\u00e9s napj\u00e1n pedig 10 \u00f3r\u00e1ig vehetik ig\u00e9nybe.<\/p>\n<p>Csomagok t\u00e1rol\u00e1s\u00e1ra az utaz\u00e1s napj\u00e1n 10 \u00f3r\u00e1t\u00f3l 14 \u00f3r\u00e1ig van lehet\u0151s\u00e9g! Mosd\u00f3 haszn\u00e1latot maximum 14 \u00f3r\u00e1ig tudunk biztos\u00edtani!<\/p>\n<p><span style=\"font-weight: bold;\">\u00c9tkez\u00e9s<\/span><\/p>\n<p>\u00d6nell\u00e1t\u00e1s, vagy a turistah\u00e1zhoz k\u00f6zeli (200 m) \u00e9tteremben men\u00fcaj\u00e1nlat vagy egy\u00e9b k\u00e9r\u00e9s alapj\u00e1n.<\/p>\n<p><span style=\"font-weight: bold;\">Fizet\u00e9si m\u00f3dok<\/span><\/p>\n<p><span style=\"font-weight: bold;\">&#8211;\u00a0<\/span>K\u00e9szp\u00e9nz<\/p>\n<p>&#8211; Banki \u00e1tutal\u00e1s<\/p>\n<p><em>Az idegenforgalmi ad\u00f3 (400 Ft\/feln\u0151tt\/\u00e9j) minden esetben k\u00e9szp\u00e9nzzel fizetend\u0151!<\/em><\/p>\n<p><span style=\"font-weight: bold;\">Parkol\u00e1s<\/span><\/p>\n<p>Z\u00e1rt szabadt\u00e9ri parkol\u00f3 az udvarban, melyet vend\u00e9geink d\u00edjmentesen haszn\u00e1lhatnak<br \/>\n<span style=\"font-weight: bold;\">Kis\u00e1llatok<\/span><br \/>\nTuristah\u00e1zunkba kism\u00e9ret\u0171 h\u00e1zi\u00e1llat el\u0151zetes egyeztet\u00e9ssel, k\u00fcl\u00f6n t\u00e9r\u00edt\u00e9s ellen\u00e9ben hozhat\u00f3 be.<br \/>\n<span style=\"font-weight: bold;\">Egy\u00e9b<\/span><br \/>\nAz \u00e1rak tartalmazz\u00e1k az \u00c1FA-t.<\/p>\n<p>&nbsp;<\/p>\n<p><span style=\"font-weight: bold;\">Megk\u00f6zel\u00edt\u00e9s:<\/span><\/p>\n<p><b style=\"color: #666666;\">GPS koordin\u00e1t\u00e1k<\/b><br style=\"color: #666666;\" \/><span style=\"color: #666666;\">\u00c9: 47.359251<\/span><br style=\"color: #666666;\" \/><span style=\"color: #666666;\">K: 17.818993<\/span><\/p>\n<div id=\"wpgmza_map\" class=\"wpgmza_map\" data-settings='{\"id\":\"1\",\"map_title\":\"\\u00d6regbakony\",\"map_width\":\"100\",\"map_height\":\"400\",\"map_start_lat\":\"47.359251\",\"map_start_lng\":\"17.818993\",\"map_start_location\":\"47.359251,17.818992999999978\",\"map_start_zoom\":\"12\",\"default_marker\":\"0\",\"type\":\"1\",\"alignment\":\"1\",\"directions_enabled\":\"1\",\"styling_enabled\":\"0\",\"styling_json\":\"\",\"active\":\"0\",\"kml\":\"\",\"bicycle\":\"0\",\"traffic\":\"0\",\"dbox\":\"1\",\"dbox_width\":\"250\",\"listmarkers\":\"0\",\"listmarkers_advanced\":\"0\",\"filterbycat\":\"0\",\"ugm_enabled\":\"0\",\"ugm_category_enabled\":\"0\",\"fusion\":\"\",\"map_width_type\":\"\\\\%\",\"map_height_type\":\"px\",\"mass_marker_support\":\"1\",\"ugm_access\":\"0\",\"order_markers_by\":\"1\",\"order_markers_choice\":\"2\",\"show_user_location\":\"0\",\"default_to\":\"\",\"other_settings\":{\"store_locator_enabled\":2,\"store_locator_distance\":2,\"store_locator_bounce\":1,\"store_locator_query_string\":\"ZIP \\\/ Address:\",\"weather_layer\":2,\"weather_layer_temp_type\":1,\"cloud_layer\":2,\"transport_layer\":0}}' data-map-id='1' Data-maps-engine='' data-shortcode-attributes='{\"id\":\"1\"}' style=\"display:block; overflow:auto; width:100%; height:400px; float:left;\"><\/div>\n<p>&nbsp;<\/p>\n<p>&#8211; vonattal a Gy\u0151r &#8211; Veszpr\u00e9m vas\u00fatvonalon<br \/>\n(a vinyei vas\u00fat\u00e1llom\u00e1st\u00f3l 100 m-re van a turistah\u00e1z)<br \/>\n&#8211; aut\u00f3val a 82-es f\u0151\u00fatvonalr\u00f3l -&gt; Bakonyszentl\u00e1szl\u00f3 &#8211; Vinye<\/p>\n<p>&nbsp;<\/p>\n<p>Ha k\u00e9rd\u00e9sed van, \u00cdrj nek\u00fcnk \u00fczenetet!<\/p>\n\n<div class=\"wpcf7 no-js\" id=\"wpcf7-f484-o1\" lang=\"hu-HU\" dir=\"ltr\" data-wpcf7-id=\"484\">\n<div class=\"screen-reader-response\"><p role=\"status\" aria-live=\"polite\" aria-atomic=\"true\"><\/p> <ul><\/ul><\/div>\n<form action=\"\/index.php?rest_route=%2Fwp%2Fv2%2Fpages%2F60#wpcf7-f484-o1\" method=\"post\" class=\"wpcf7-form init\" aria-label=\"Kapcsolatfelv\u00e9teli \u0171rlap\" novalidate=\"novalidate\" data-status=\"init\">\n<fieldset class=\"hidden-fields-container\"><input type=\"hidden\" name=\"_wpcf7\" value=\"484\" \/><input type=\"hidden\" name=\"_wpcf7_version\" value=\"6.1.4\" \/><input type=\"hidden\" name=\"_wpcf7_locale\" value=\"hu_HU\" \/><input type=\"hidden\" name=\"_wpcf7_unit_tag\" value=\"wpcf7-f484-o1\" \/><input type=\"hidden\" name=\"_wpcf7_container_post\" value=\"0\" \/><input type=\"hidden\" name=\"_wpcf7_posted_data_hash\" value=\"\" \/>\n<\/fieldset>\n<p>N\u00e9v (k\u00f6telez\u0151)\n<\/p>\n<p><span class=\"wpcf7-form-control-wrap\" data-name=\"your-name\"><input size=\"40\" maxlength=\"400\" class=\"wpcf7-form-control wpcf7-text wpcf7-validates-as-required\" aria-required=\"true\" aria-invalid=\"false\" value=\"\" type=\"text\" name=\"your-name\" \/><\/span>\n<\/p>\n<p>Email c\u00edm (k\u00f6telez\u0151)\n<\/p>\n<p><span class=\"wpcf7-form-control-wrap\" data-name=\"your-email\"><input size=\"40\" maxlength=\"400\" class=\"wpcf7-form-control wpcf7-email wpcf7-validates-as-required wpcf7-text wpcf7-validates-as-email\" aria-required=\"true\" aria-invalid=\"false\" value=\"\" type=\"email\" name=\"your-email\" \/><\/span>\n<\/p>\n<p>T\u00e1rgy\n<\/p>\n<p><span class=\"wpcf7-form-control-wrap\" data-name=\"your-subject\"><input size=\"40\" maxlength=\"400\" class=\"wpcf7-form-control wpcf7-text\" aria-invalid=\"false\" value=\"\" type=\"text\" name=\"your-subject\" \/><\/span>\n<\/p>\n<p>\u00dczenet\n<\/p>\n<p><span class=\"wpcf7-form-control-wrap\" data-name=\"your-message\"><textarea cols=\"40\" rows=\"10\" maxlength=\"2000\" class=\"wpcf7-form-control wpcf7-textarea\" aria-invalid=\"false\" name=\"your-message\"><\/textarea><\/span>\n<\/p>\n<p><span class=\"wpcf7-form-control-wrap\" data-name=\"hozzajarulas\"><span class=\"wpcf7-form-control wpcf7-checkbox wpcf7-validates-as-required\"><span class=\"wpcf7-list-item first last\"><input type=\"checkbox\" name=\"hozzajarulas[]\" value=\"Hozz\u00e1j\u00e1rulok, hogy az oregbakony.hu (\u0150sfenyves Kft.) sz\u00e1momra e-mailt k\u00fcldj\u00f6n. *\" \/><span class=\"wpcf7-list-item-label\">Hozz\u00e1j\u00e1rulok, hogy az oregbakony.hu (\u0150sfenyves Kft.) sz\u00e1momra e-mailt k\u00fcldj\u00f6n. *<\/span><\/span><\/span><\/span><br \/>\n<span class=\"wpcf7-form-control-wrap\" data-name=\"adatvedelmi\"><span class=\"wpcf7-form-control wpcf7-checkbox wpcf7-validates-as-required\"><span class=\"wpcf7-list-item first last\"><input type=\"checkbox\" name=\"adatvedelmi[]\" value=\"Az adatkezel\u00e9si t\u00e1j\u00e9koztat\u00f3t megismertem \u00e9s elfogadom. *\" \/><span class=\"wpcf7-list-item-label\">Az adatkezel\u00e9si t\u00e1j\u00e9koztat\u00f3t megismertem \u00e9s elfogadom. *<\/span><\/span><\/span><\/span><br \/>\nAz <a href=\"http:\/\/oregbakony.hu\/?page_id=515\" target=\"_BLANK\">\n\t\t<font color=\"RED\">adatkezel\u00e9s t\u00e1j\u00e9koztat\u00f3t\n\t\t<\/font><\/a> ide kattintva \u00e9rheti el.\n<\/p>\n<p><input class=\"wpcf7-form-control wpcf7-submit has-spinner\" type=\"submit\" value=\"K\u00fcld\u00e9s\" \/>\n<\/p><div class=\"wpcf7-response-output\" aria-hidden=\"true\"><\/div>\n<\/form>\n<\/div>\n\n<p><\/p>","protected":false},"excerpt":{"rendered":"<p>El\u00e9rhet\u0151s\u00e9g: &#8222;\u00d6regbakony&#8221; Turistah\u00e1z \u00e9s Erdei Iskola 8431 Bakonyszentl\u00e1szl\u00f3 &#8211; Vinye 1. Schvarcz Angi\u00a0\u00fcgyvezet\u0151 Telefon: 20 \/ 446-11-31 E-mail:\u00a0oregbakony@gmail.com Honlap:\u00a0www.oregbakony.hu Sz\u00e1ll\u00e1sfoglal\u00e1si inform\u00e1ci\u00f3k: Sz\u00e1ll\u00e1sfoglal\u00e1shoz \u00edr\u00e1sos megrendel\u00e9s sz\u00fcks\u00e9ges a megrendel\u0151 formanyomtatv\u00e1nyon az\u00a0oregbakony@gmail.com\u00a0c\u00edmre, melyet visszaigazolunk. &#8222;\u00d6regbakony&#8221; Turistah\u00e1z megrendel\u0151lap let\u00f6lt\u00e9se: Apartmanh\u00e1z megrendel\u0151lap let\u00f6lt\u00e9se: Turista men\u00fc: Vend\u00e9gk\u00f6nyvi adatok: El\u0151legfizet\u00e9s A sz\u00e1ll\u00e1sfoglal\u00e1s felt\u00e9tele el\u0151legfizet\u00e9s banksz\u00e1ml\u00e1nkra t\u00f6rt\u00e9n\u0151 \u00e1tutal\u00e1ssal. A foglal\u00e1st csak akkor tudjuk [&hellip;]<\/p>\n","protected":false},"author":1,"featured_media":700,"parent":0,"menu_order":0,"comment_status":"open","ping_status":"open","template":"","meta":{"inline_featured_image":false,"_exactmetrics_skip_tracking":false,"_exactmetrics_sitenote_active":false,"_exactmetrics_sitenote_note":"","_exactmetrics_sitenote_category":0,"footnotes":""},"class_list":["post-60","page","type-page","status-publish","has-post-thumbnail","czr-hentry"],"_links":{"self":[{"href":"https:\/\/oregbakony.hu\/index.php?rest_route=\/wp\/v2\/pages\/60","targetHints":{"allow":["GET"]}}],"collection":[{"href":"https:\/\/oregbakony.hu\/index.php?rest_route=\/wp\/v2\/pages"}],"about":[{"href":"https:\/\/oregbakony.hu\/index.php?rest_route=\/wp\/v2\/types\/page"}],"author":[{"embeddable":true,"href":"https:\/\/oregbakony.hu\/index.php?rest_route=\/wp\/v2\/users\/1"}],"replies":[{"embeddable":true,"href":"https:\/\/oregbakony.hu\/index.php?rest_route=%2Fwp%2Fv2%2Fcomments&post=60"}],"version-history":[{"count":23,"href":"https:\/\/oregbakony.hu\/index.php?rest_route=\/wp\/v2\/pages\/60\/revisions"}],"predecessor-version":[{"id":693,"href":"https:\/\/oregbakony.hu\/index.php?rest_route=\/wp\/v2\/pages\/60\/revisions\/693"}],"wp:featuredmedia":[{"embeddable":true,"href":"https:\/\/oregbakony.hu\/index.php?rest_route=\/wp\/v2\/media\/700"}],"wp:attachment":[{"href":"https:\/\/oregbakony.hu\/index.php?rest_route=%2Fwp%2Fv2%2Fmedia&parent=60"}],"curies":[{"name":"wp","href":"https:\/\/api.w.org\/{rel}","templated":true}]}}