{"id":493,"date":"2017-08-28T18:50:18","date_gmt":"2017-08-28T18:50:18","guid":{"rendered":"http:\/\/oregbakony.hu\/?page_id=493"},"modified":"2021-01-13T09:13:57","modified_gmt":"2021-01-13T09:13:57","slug":"vasuti-menetrend","status":"publish","type":"page","link":"https:\/\/oregbakony.hu\/?page_id=493","title":{"rendered":"Vas\u00fati menetrend"},"content":{"rendered":"<p><strong>Kedvez\u0151bb menetrend, \u00faj vonatok a Cuha-v\u00f6lgyi Bakonyvas\u00faton<\/strong><\/p>\n<p>&nbsp;<\/p>\n<p>A Cuha-v\u00f6lgyi Bakonyvas\u00fat Sz\u00f6vets\u00e9g \u00f6r\u00f6mmel t\u00e1j\u00e9koztatja a turist\u00e1kat, kir\u00e1ndul\u00f3kat, hogy a 11-es sz. Gy\u0151r\u2013Veszpr\u00e9m vas\u00faton 2017. szeptember 2-t\u0151l okt\u00f3ber 23-ig, majd 2018. m\u00e1rcius 15-t\u0151l kezd\u0151d\u0151en minden h\u00e9tv\u00e9g\u00e9n \u00faj vonatp\u00e1r k\u00f6zlekedik az eddig \u201evonatmentes\u201d id\u0151szakokban. Az orsz\u00e1g legszebb, a Magas-Bakonyt viaduktok, alagutak, nagyszer\u0171, a t\u00e1jba ill\u0151 m\u0171szaki l\u00e9tes\u00edtm\u00e9nyek sor\u00e1val \u00e1tszel\u0151 Cuha-v\u00f6lgyi vas\u00fat bakonyi szakasza 2011 \u00f3ta m\u0171eml\u00e9ki v\u00e9delem alatt \u00e1ll, 2013 \u00f3ta a nemzeti vagyon r\u00e9sze. A turist\u00e1k \u00e1ltal legink\u00e1bb l\u00e1togatott Cuha-v\u00f6lgyben a kir\u00e1ndul\u00f3szezonban, h\u00e9tv\u00e9g\u00e9n Zirc \u00e9s Bakonyszentl\u00e1szl\u00f3 k\u00f6z\u00f6tt egy k\u00fcl\u00f6n j\u00e1ratp\u00e1r is seg\u00edti a turist\u00e1k, ker\u00e9kp\u00e1rosok k\u00f6zleked\u00e9s\u00e9t.<\/p>\n<p><a href=\"http:\/\/oregbakony.hu\/wp-content\/uploads\/2021\/01\/bakonyvasut_05-1_2018-03-01_web_Oldal_09.jpg\"><img loading=\"lazy\" decoding=\"async\" class=\"alignnone size-full wp-image-600\" src=\"http:\/\/oregbakony.hu\/wp-content\/uploads\/2021\/01\/bakonyvasut_05-1_2018-03-01_web_Oldal_09.jpg\" alt=\"\" width=\"1654\" height=\"780\" srcset=\"https:\/\/oregbakony.hu\/wp-content\/uploads\/2021\/01\/bakonyvasut_05-1_2018-03-01_web_Oldal_09.jpg 1654w, https:\/\/oregbakony.hu\/wp-content\/uploads\/2021\/01\/bakonyvasut_05-1_2018-03-01_web_Oldal_09-300x141.jpg 300w, https:\/\/oregbakony.hu\/wp-content\/uploads\/2021\/01\/bakonyvasut_05-1_2018-03-01_web_Oldal_09-1024x483.jpg 1024w, https:\/\/oregbakony.hu\/wp-content\/uploads\/2021\/01\/bakonyvasut_05-1_2018-03-01_web_Oldal_09-768x362.jpg 768w, https:\/\/oregbakony.hu\/wp-content\/uploads\/2021\/01\/bakonyvasut_05-1_2018-03-01_web_Oldal_09-1536x724.jpg 1536w\" sizes=\"auto, (max-width: 1654px) 100vw, 1654px\" \/><\/a><\/p>\n<p><a href=\"http:\/\/oregbakony.hu\/wp-content\/uploads\/2021\/01\/bakonyvasut_05-1_2018-03-01_web_Oldal_08.jpg\"><img loading=\"lazy\" decoding=\"async\" class=\"alignnone size-full wp-image-598\" src=\"http:\/\/oregbakony.hu\/wp-content\/uploads\/2021\/01\/bakonyvasut_05-1_2018-03-01_web_Oldal_08.jpg\" alt=\"\" width=\"1654\" height=\"780\" srcset=\"https:\/\/oregbakony.hu\/wp-content\/uploads\/2021\/01\/bakonyvasut_05-1_2018-03-01_web_Oldal_08.jpg 1654w, https:\/\/oregbakony.hu\/wp-content\/uploads\/2021\/01\/bakonyvasut_05-1_2018-03-01_web_Oldal_08-300x141.jpg 300w, https:\/\/oregbakony.hu\/wp-content\/uploads\/2021\/01\/bakonyvasut_05-1_2018-03-01_web_Oldal_08-1024x483.jpg 1024w, https:\/\/oregbakony.hu\/wp-content\/uploads\/2021\/01\/bakonyvasut_05-1_2018-03-01_web_Oldal_08-768x362.jpg 768w, https:\/\/oregbakony.hu\/wp-content\/uploads\/2021\/01\/bakonyvasut_05-1_2018-03-01_web_Oldal_08-1536x724.jpg 1536w\" sizes=\"auto, (max-width: 1654px) 100vw, 1654px\" \/><\/a><\/p>\n<a  data-e-Disable-Page-Transition=\"true\" class=\"download-link\" title=\"\" href=\"http:\/\/oregbakony.hu?download=603&amp;tmstv=1778501941\" rel=\"nofollow\" id=\"download-link-603\" data-redirect=\"false\" >\n\tBakonyvas\u00fat<\/a>\n\n<p>&nbsp;<\/p>\n<p><\/p>","protected":false},"excerpt":{"rendered":"<p>Kedvez\u0151bb menetrend, \u00faj vonatok a Cuha-v\u00f6lgyi Bakonyvas\u00faton &nbsp; A Cuha-v\u00f6lgyi Bakonyvas\u00fat Sz\u00f6vets\u00e9g \u00f6r\u00f6mmel t\u00e1j\u00e9koztatja a turist\u00e1kat, kir\u00e1ndul\u00f3kat, hogy a 11-es sz. Gy\u0151r\u2013Veszpr\u00e9m vas\u00faton 2017. szeptember 2-t\u0151l okt\u00f3ber 23-ig, majd 2018. m\u00e1rcius 15-t\u0151l kezd\u0151d\u0151en minden h\u00e9tv\u00e9g\u00e9n \u00faj vonatp\u00e1r k\u00f6zlekedik az eddig \u201evonatmentes\u201d id\u0151szakokban. Az orsz\u00e1g legszebb, a Magas-Bakonyt viaduktok, alagutak, nagyszer\u0171, a t\u00e1jba ill\u0151 m\u0171szaki l\u00e9tes\u00edtm\u00e9nyek [&hellip;]<\/p>\n","protected":false},"author":1,"featured_media":0,"parent":0,"menu_order":0,"comment_status":"closed","ping_status":"closed","template":"","meta":{"inline_featured_image":false,"_exactmetrics_skip_tracking":false,"_exactmetrics_sitenote_active":false,"_exactmetrics_sitenote_note":"","_exactmetrics_sitenote_category":0,"footnotes":""},"class_list":["post-493","page","type-page","status-publish","czr-hentry"],"_links":{"self":[{"href":"https:\/\/oregbakony.hu\/index.php?rest_route=\/wp\/v2\/pages\/493","targetHints":{"allow":["GET"]}}],"collection":[{"href":"https:\/\/oregbakony.hu\/index.php?rest_route=\/wp\/v2\/pages"}],"about":[{"href":"https:\/\/oregbakony.hu\/index.php?rest_route=\/wp\/v2\/types\/page"}],"author":[{"embeddable":true,"href":"https:\/\/oregbakony.hu\/index.php?rest_route=\/wp\/v2\/users\/1"}],"replies":[{"embeddable":true,"href":"https:\/\/oregbakony.hu\/index.php?rest_route=%2Fwp%2Fv2%2Fcomments&post=493"}],"version-history":[{"count":4,"href":"https:\/\/oregbakony.hu\/index.php?rest_route=\/wp\/v2\/pages\/493\/revisions"}],"predecessor-version":[{"id":605,"href":"https:\/\/oregbakony.hu\/index.php?rest_route=\/wp\/v2\/pages\/493\/revisions\/605"}],"wp:attachment":[{"href":"https:\/\/oregbakony.hu\/index.php?rest_route=%2Fwp%2Fv2%2Fmedia&parent=493"}],"curies":[{"name":"wp","href":"https:\/\/api.w.org\/{rel}","templated":true}]}}